{"id":10240,"date":"2025-05-02T10:24:19","date_gmt":"2025-05-02T10:24:19","guid":{"rendered":"https:\/\/traktforesthotel.com\/?page_id=10240"},"modified":"2025-10-15T10:31:59","modified_gmt":"2025-10-15T10:31:59","slug":"unsere-regionalen-produzenten","status":"publish","type":"page","link":"https:\/\/traktforesthotel.com\/de\/restaurant-traktkoeket\/unsere-regionalen-produzenten\/","title":{"rendered":"Unsere regionalen Produzenten"},"content":{"rendered":"","protected":false},"excerpt":{"rendered":"Vom Feld auf den Teller Wir stehen mit Leidenschaft f\u00fcr Nachhaltigkeit und Regionalit\u00e4t. Das bedeutet, dass wir so weit wie m\u00f6glich mit dem arbeiten, was&hellip;","protected":false},"author":6,"featured_media":0,"parent":10212,"menu_order":0,"comment_status":"closed","ping_status":"closed","template":"","meta":{"_acf_changed":false,"footnotes":""},"class_list":["post-10240","page","type-page","status-publish","hentry"],"acf":[],"yoast_head":"<!-- This site is optimized with the Yoast SEO plugin v27.3 - https:\/\/yoast.com\/product\/yoast-seo-wordpress\/ -->\n<title>Unsere regionalen Produzenten - Trakt Forest Hotel<\/title>\n<meta name=\"robots\" content=\"index, follow, max-snippet:-1, max-image-preview:large, max-video-preview:-1\" \/>\n<link rel=\"canonical\" href=\"https:\/\/traktforesthotel.com\/de\/restaurant-traktkoeket\/unsere-regionalen-produzenten\/\" \/>\n<meta property=\"og:locale\" content=\"de_DE\" \/>\n<meta property=\"og:type\" content=\"article\" \/>\n<meta property=\"og:title\" content=\"Unsere regionalen Produzenten - Trakt Forest Hotel\" \/>\n<meta property=\"og:url\" content=\"https:\/\/traktforesthotel.com\/de\/restaurant-traktkoeket\/unsere-regionalen-produzenten\/\" \/>\n<meta property=\"og:site_name\" content=\"Trakt Forest Hotel\" \/>\n<meta property=\"article:modified_time\" content=\"2025-10-15T10:31:59+00:00\" \/>\n<meta name=\"twitter:card\" content=\"summary_large_image\" \/>\n<meta name=\"twitter:label1\" content=\"Gesch\u00e4tzte Lesezeit\" \/>\n\t<meta name=\"twitter:data1\" content=\"8\u00a0Minuten\" \/>\n<script type=\"application\/ld+json\" class=\"yoast-schema-graph\">{\"@context\":\"https:\\\/\\\/schema.org\",\"@graph\":[{\"@type\":\"WebPage\",\"@id\":\"https:\\\/\\\/traktforesthotel.com\\\/de\\\/restaurant-traktkoeket\\\/unsere-regionalen-produzenten\\\/\",\"url\":\"https:\\\/\\\/traktforesthotel.com\\\/de\\\/restaurant-traktkoeket\\\/unsere-regionalen-produzenten\\\/\",\"name\":\"Unsere regionalen Produzenten - Trakt Forest Hotel\",\"isPartOf\":{\"@id\":\"https:\\\/\\\/traktforesthotel.com\\\/de\\\/#website\"},\"datePublished\":\"2025-05-02T10:24:19+00:00\",\"dateModified\":\"2025-10-15T10:31:59+00:00\",\"breadcrumb\":{\"@id\":\"https:\\\/\\\/traktforesthotel.com\\\/de\\\/restaurant-traktkoeket\\\/unsere-regionalen-produzenten\\\/#breadcrumb\"},\"inLanguage\":\"de\",\"potentialAction\":[{\"@type\":\"ReadAction\",\"target\":[\"https:\\\/\\\/traktforesthotel.com\\\/de\\\/restaurant-traktkoeket\\\/unsere-regionalen-produzenten\\\/\"]}]},{\"@type\":\"BreadcrumbList\",\"@id\":\"https:\\\/\\\/traktforesthotel.com\\\/de\\\/restaurant-traktkoeket\\\/unsere-regionalen-produzenten\\\/#breadcrumb\",\"itemListElement\":[{\"@type\":\"ListItem\",\"position\":1,\"name\":\"Startseite\",\"item\":\"https:\\\/\\\/traktforesthotel.com\\\/de\\\/\"},{\"@type\":\"ListItem\",\"position\":2,\"name\":\"Restaurant Traktk\u00f6ket\",\"item\":\"https:\\\/\\\/traktforesthotel.com\\\/de\\\/restaurant-traktkoeket\\\/\"},{\"@type\":\"ListItem\",\"position\":3,\"name\":\"Unsere regionalen Produzenten\"}]},{\"@type\":\"WebSite\",\"@id\":\"https:\\\/\\\/traktforesthotel.com\\\/de\\\/#website\",\"url\":\"https:\\\/\\\/traktforesthotel.com\\\/de\\\/\",\"name\":\"Trakt Forest Hotel\",\"description\":\"\",\"publisher\":{\"@id\":\"https:\\\/\\\/traktforesthotel.com\\\/de\\\/#organization\"},\"potentialAction\":[{\"@type\":\"SearchAction\",\"target\":{\"@type\":\"EntryPoint\",\"urlTemplate\":\"https:\\\/\\\/traktforesthotel.com\\\/de\\\/?s={search_term_string}\"},\"query-input\":{\"@type\":\"PropertyValueSpecification\",\"valueRequired\":true,\"valueName\":\"search_term_string\"}}],\"inLanguage\":\"de\"},{\"@type\":\"Organization\",\"@id\":\"https:\\\/\\\/traktforesthotel.com\\\/de\\\/#organization\",\"name\":\"Trakt Forest Hotel\",\"url\":\"https:\\\/\\\/traktforesthotel.com\\\/de\\\/\",\"logo\":{\"@type\":\"ImageObject\",\"inLanguage\":\"de\",\"@id\":\"https:\\\/\\\/traktforesthotel.com\\\/de\\\/#\\\/schema\\\/logo\\\/image\\\/\",\"url\":\"https:\\\/\\\/traktforesthotel.com\\\/wp-content\\\/uploads\\\/2022\\\/10\\\/TRA-symbol.svg\",\"contentUrl\":\"https:\\\/\\\/traktforesthotel.com\\\/wp-content\\\/uploads\\\/2022\\\/10\\\/TRA-symbol.svg\",\"width\":1024,\"height\":1024,\"caption\":\"Trakt Forest Hotel\"},\"image\":{\"@id\":\"https:\\\/\\\/traktforesthotel.com\\\/de\\\/#\\\/schema\\\/logo\\\/image\\\/\"}}]}<\/script>\n<!-- \/ Yoast SEO plugin. -->","yoast_head_json":{"title":"Unsere regionalen Produzenten - Trakt Forest Hotel","robots":{"index":"index","follow":"follow","max-snippet":"max-snippet:-1","max-image-preview":"max-image-preview:large","max-video-preview":"max-video-preview:-1"},"canonical":"https:\/\/traktforesthotel.com\/de\/restaurant-traktkoeket\/unsere-regionalen-produzenten\/","og_locale":"de_DE","og_type":"article","og_title":"Unsere regionalen Produzenten - Trakt Forest Hotel","og_url":"https:\/\/traktforesthotel.com\/de\/restaurant-traktkoeket\/unsere-regionalen-produzenten\/","og_site_name":"Trakt Forest Hotel","article_modified_time":"2025-10-15T10:31:59+00:00","twitter_card":"summary_large_image","twitter_misc":{"Gesch\u00e4tzte Lesezeit":"8\u00a0Minuten"},"schema":{"@context":"https:\/\/schema.org","@graph":[{"@type":"WebPage","@id":"https:\/\/traktforesthotel.com\/de\/restaurant-traktkoeket\/unsere-regionalen-produzenten\/","url":"https:\/\/traktforesthotel.com\/de\/restaurant-traktkoeket\/unsere-regionalen-produzenten\/","name":"Unsere regionalen Produzenten - Trakt Forest Hotel","isPartOf":{"@id":"https:\/\/traktforesthotel.com\/de\/#website"},"datePublished":"2025-05-02T10:24:19+00:00","dateModified":"2025-10-15T10:31:59+00:00","breadcrumb":{"@id":"https:\/\/traktforesthotel.com\/de\/restaurant-traktkoeket\/unsere-regionalen-produzenten\/#breadcrumb"},"inLanguage":"de","potentialAction":[{"@type":"ReadAction","target":["https:\/\/traktforesthotel.com\/de\/restaurant-traktkoeket\/unsere-regionalen-produzenten\/"]}]},{"@type":"BreadcrumbList","@id":"https:\/\/traktforesthotel.com\/de\/restaurant-traktkoeket\/unsere-regionalen-produzenten\/#breadcrumb","itemListElement":[{"@type":"ListItem","position":1,"name":"Startseite","item":"https:\/\/traktforesthotel.com\/de\/"},{"@type":"ListItem","position":2,"name":"Restaurant Traktk\u00f6ket","item":"https:\/\/traktforesthotel.com\/de\/restaurant-traktkoeket\/"},{"@type":"ListItem","position":3,"name":"Unsere regionalen Produzenten"}]},{"@type":"WebSite","@id":"https:\/\/traktforesthotel.com\/de\/#website","url":"https:\/\/traktforesthotel.com\/de\/","name":"Trakt Forest Hotel","description":"","publisher":{"@id":"https:\/\/traktforesthotel.com\/de\/#organization"},"potentialAction":[{"@type":"SearchAction","target":{"@type":"EntryPoint","urlTemplate":"https:\/\/traktforesthotel.com\/de\/?s={search_term_string}"},"query-input":{"@type":"PropertyValueSpecification","valueRequired":true,"valueName":"search_term_string"}}],"inLanguage":"de"},{"@type":"Organization","@id":"https:\/\/traktforesthotel.com\/de\/#organization","name":"Trakt Forest Hotel","url":"https:\/\/traktforesthotel.com\/de\/","logo":{"@type":"ImageObject","inLanguage":"de","@id":"https:\/\/traktforesthotel.com\/de\/#\/schema\/logo\/image\/","url":"https:\/\/traktforesthotel.com\/wp-content\/uploads\/2022\/10\/TRA-symbol.svg","contentUrl":"https:\/\/traktforesthotel.com\/wp-content\/uploads\/2022\/10\/TRA-symbol.svg","width":1024,"height":1024,"caption":"Trakt Forest Hotel"},"image":{"@id":"https:\/\/traktforesthotel.com\/de\/#\/schema\/logo\/image\/"}}]}},"_links":{"self":[{"href":"https:\/\/traktforesthotel.com\/de\/wp-json\/wp\/v2\/pages\/10240","targetHints":{"allow":["GET"]}}],"collection":[{"href":"https:\/\/traktforesthotel.com\/de\/wp-json\/wp\/v2\/pages"}],"about":[{"href":"https:\/\/traktforesthotel.com\/de\/wp-json\/wp\/v2\/types\/page"}],"author":[{"embeddable":true,"href":"https:\/\/traktforesthotel.com\/de\/wp-json\/wp\/v2\/users\/6"}],"replies":[{"embeddable":true,"href":"https:\/\/traktforesthotel.com\/de\/wp-json\/wp\/v2\/comments?post=10240"}],"version-history":[{"count":4,"href":"https:\/\/traktforesthotel.com\/de\/wp-json\/wp\/v2\/pages\/10240\/revisions"}],"predecessor-version":[{"id":10656,"href":"https:\/\/traktforesthotel.com\/de\/wp-json\/wp\/v2\/pages\/10240\/revisions\/10656"}],"up":[{"embeddable":true,"href":"https:\/\/traktforesthotel.com\/de\/wp-json\/wp\/v2\/pages\/10212"}],"wp:attachment":[{"href":"https:\/\/traktforesthotel.com\/de\/wp-json\/wp\/v2\/media?parent=10240"}],"curies":[{"name":"wp","href":"https:\/\/api.w.org\/{rel}","templated":true}]}}