{"id":10256,"date":"2025-05-16T14:06:57","date_gmt":"2025-05-16T14:06:57","guid":{"rendered":"https:\/\/traktforesthotel.com\/?page_id=10256"},"modified":"2026-04-09T17:04:40","modified_gmt":"2026-04-09T17:04:40","slug":"oeffnungszeiten-und-angebote","status":"publish","type":"page","link":"https:\/\/traktforesthotel.com\/de\/restaurant-traktkoeket\/oeffnungszeiten-und-angebote\/","title":{"rendered":"\u00d6ffnungszeiten und Angebote"},"content":{"rendered":"\n<div class=\"wp-block-buttons is-layout-flex wp-block-buttons-is-layout-flex\"><\/div>\n\n\n\n<p><\/p>\n","protected":false},"excerpt":{"rendered":"Wir legen gro\u00dfen Wert darauf, jede Speise mit hoher Qualit\u00e4t und saisonalen Zutaten zuzubereiten. Deshalb bieten wir keine \u00c0-la-carte-Men\u00fckarte an \u2013 stattdessen schenken wir den&hellip;","protected":false},"author":6,"featured_media":0,"parent":10212,"menu_order":0,"comment_status":"closed","ping_status":"closed","template":"","meta":{"_acf_changed":false,"footnotes":""},"class_list":["post-10256","page","type-page","status-publish","hentry"],"acf":[],"yoast_head":"<!-- This site is optimized with the Yoast SEO plugin v27.3 - https:\/\/yoast.com\/product\/yoast-seo-wordpress\/ -->\n<title>\u00d6ffnungszeiten und Angebote - Trakt Forest Hotel<\/title>\n<meta name=\"robots\" content=\"index, follow, max-snippet:-1, max-image-preview:large, max-video-preview:-1\" \/>\n<link rel=\"canonical\" href=\"https:\/\/traktforesthotel.com\/de\/restaurant-traktkoeket\/oeffnungszeiten-und-angebote\/\" \/>\n<meta property=\"og:locale\" content=\"de_DE\" \/>\n<meta property=\"og:type\" content=\"article\" \/>\n<meta property=\"og:title\" content=\"\u00d6ffnungszeiten und Angebote - Trakt Forest Hotel\" \/>\n<meta property=\"og:url\" content=\"https:\/\/traktforesthotel.com\/de\/restaurant-traktkoeket\/oeffnungszeiten-und-angebote\/\" \/>\n<meta property=\"og:site_name\" content=\"Trakt Forest Hotel\" \/>\n<meta property=\"article:modified_time\" content=\"2026-04-09T17:04:40+00:00\" \/>\n<meta name=\"twitter:card\" content=\"summary_large_image\" \/>\n<meta name=\"twitter:label1\" content=\"Gesch\u00e4tzte Lesezeit\" \/>\n\t<meta name=\"twitter:data1\" content=\"5\u00a0Minuten\" \/>\n<script type=\"application\/ld+json\" class=\"yoast-schema-graph\">{\"@context\":\"https:\\\/\\\/schema.org\",\"@graph\":[{\"@type\":\"WebPage\",\"@id\":\"https:\\\/\\\/traktforesthotel.com\\\/de\\\/restaurant-traktkoeket\\\/oeffnungszeiten-und-angebote\\\/\",\"url\":\"https:\\\/\\\/traktforesthotel.com\\\/de\\\/restaurant-traktkoeket\\\/oeffnungszeiten-und-angebote\\\/\",\"name\":\"\u00d6ffnungszeiten und Angebote - Trakt Forest Hotel\",\"isPartOf\":{\"@id\":\"https:\\\/\\\/traktforesthotel.com\\\/de\\\/#website\"},\"datePublished\":\"2025-05-16T14:06:57+00:00\",\"dateModified\":\"2026-04-09T17:04:40+00:00\",\"breadcrumb\":{\"@id\":\"https:\\\/\\\/traktforesthotel.com\\\/de\\\/restaurant-traktkoeket\\\/oeffnungszeiten-und-angebote\\\/#breadcrumb\"},\"inLanguage\":\"de\",\"potentialAction\":[{\"@type\":\"ReadAction\",\"target\":[\"https:\\\/\\\/traktforesthotel.com\\\/de\\\/restaurant-traktkoeket\\\/oeffnungszeiten-und-angebote\\\/\"]}]},{\"@type\":\"BreadcrumbList\",\"@id\":\"https:\\\/\\\/traktforesthotel.com\\\/de\\\/restaurant-traktkoeket\\\/oeffnungszeiten-und-angebote\\\/#breadcrumb\",\"itemListElement\":[{\"@type\":\"ListItem\",\"position\":1,\"name\":\"Startseite\",\"item\":\"https:\\\/\\\/traktforesthotel.com\\\/de\\\/\"},{\"@type\":\"ListItem\",\"position\":2,\"name\":\"Restaurant Traktk\u00f6ket\",\"item\":\"https:\\\/\\\/traktforesthotel.com\\\/de\\\/restaurant-traktkoeket\\\/\"},{\"@type\":\"ListItem\",\"position\":3,\"name\":\"\u00d6ffnungszeiten und Angebote\"}]},{\"@type\":\"WebSite\",\"@id\":\"https:\\\/\\\/traktforesthotel.com\\\/de\\\/#website\",\"url\":\"https:\\\/\\\/traktforesthotel.com\\\/de\\\/\",\"name\":\"Trakt Forest Hotel\",\"description\":\"\",\"publisher\":{\"@id\":\"https:\\\/\\\/traktforesthotel.com\\\/de\\\/#organization\"},\"potentialAction\":[{\"@type\":\"SearchAction\",\"target\":{\"@type\":\"EntryPoint\",\"urlTemplate\":\"https:\\\/\\\/traktforesthotel.com\\\/de\\\/?s={search_term_string}\"},\"query-input\":{\"@type\":\"PropertyValueSpecification\",\"valueRequired\":true,\"valueName\":\"search_term_string\"}}],\"inLanguage\":\"de\"},{\"@type\":\"Organization\",\"@id\":\"https:\\\/\\\/traktforesthotel.com\\\/de\\\/#organization\",\"name\":\"Trakt Forest Hotel\",\"url\":\"https:\\\/\\\/traktforesthotel.com\\\/de\\\/\",\"logo\":{\"@type\":\"ImageObject\",\"inLanguage\":\"de\",\"@id\":\"https:\\\/\\\/traktforesthotel.com\\\/de\\\/#\\\/schema\\\/logo\\\/image\\\/\",\"url\":\"https:\\\/\\\/traktforesthotel.com\\\/wp-content\\\/uploads\\\/2022\\\/10\\\/TRA-symbol.svg\",\"contentUrl\":\"https:\\\/\\\/traktforesthotel.com\\\/wp-content\\\/uploads\\\/2022\\\/10\\\/TRA-symbol.svg\",\"width\":1024,\"height\":1024,\"caption\":\"Trakt Forest Hotel\"},\"image\":{\"@id\":\"https:\\\/\\\/traktforesthotel.com\\\/de\\\/#\\\/schema\\\/logo\\\/image\\\/\"}}]}<\/script>\n<!-- \/ Yoast SEO plugin. -->","yoast_head_json":{"title":"\u00d6ffnungszeiten und Angebote - Trakt Forest Hotel","robots":{"index":"index","follow":"follow","max-snippet":"max-snippet:-1","max-image-preview":"max-image-preview:large","max-video-preview":"max-video-preview:-1"},"canonical":"https:\/\/traktforesthotel.com\/de\/restaurant-traktkoeket\/oeffnungszeiten-und-angebote\/","og_locale":"de_DE","og_type":"article","og_title":"\u00d6ffnungszeiten und Angebote - Trakt Forest Hotel","og_url":"https:\/\/traktforesthotel.com\/de\/restaurant-traktkoeket\/oeffnungszeiten-und-angebote\/","og_site_name":"Trakt Forest Hotel","article_modified_time":"2026-04-09T17:04:40+00:00","twitter_card":"summary_large_image","twitter_misc":{"Gesch\u00e4tzte Lesezeit":"5\u00a0Minuten"},"schema":{"@context":"https:\/\/schema.org","@graph":[{"@type":"WebPage","@id":"https:\/\/traktforesthotel.com\/de\/restaurant-traktkoeket\/oeffnungszeiten-und-angebote\/","url":"https:\/\/traktforesthotel.com\/de\/restaurant-traktkoeket\/oeffnungszeiten-und-angebote\/","name":"\u00d6ffnungszeiten und Angebote - Trakt Forest Hotel","isPartOf":{"@id":"https:\/\/traktforesthotel.com\/de\/#website"},"datePublished":"2025-05-16T14:06:57+00:00","dateModified":"2026-04-09T17:04:40+00:00","breadcrumb":{"@id":"https:\/\/traktforesthotel.com\/de\/restaurant-traktkoeket\/oeffnungszeiten-und-angebote\/#breadcrumb"},"inLanguage":"de","potentialAction":[{"@type":"ReadAction","target":["https:\/\/traktforesthotel.com\/de\/restaurant-traktkoeket\/oeffnungszeiten-und-angebote\/"]}]},{"@type":"BreadcrumbList","@id":"https:\/\/traktforesthotel.com\/de\/restaurant-traktkoeket\/oeffnungszeiten-und-angebote\/#breadcrumb","itemListElement":[{"@type":"ListItem","position":1,"name":"Startseite","item":"https:\/\/traktforesthotel.com\/de\/"},{"@type":"ListItem","position":2,"name":"Restaurant Traktk\u00f6ket","item":"https:\/\/traktforesthotel.com\/de\/restaurant-traktkoeket\/"},{"@type":"ListItem","position":3,"name":"\u00d6ffnungszeiten und Angebote"}]},{"@type":"WebSite","@id":"https:\/\/traktforesthotel.com\/de\/#website","url":"https:\/\/traktforesthotel.com\/de\/","name":"Trakt Forest Hotel","description":"","publisher":{"@id":"https:\/\/traktforesthotel.com\/de\/#organization"},"potentialAction":[{"@type":"SearchAction","target":{"@type":"EntryPoint","urlTemplate":"https:\/\/traktforesthotel.com\/de\/?s={search_term_string}"},"query-input":{"@type":"PropertyValueSpecification","valueRequired":true,"valueName":"search_term_string"}}],"inLanguage":"de"},{"@type":"Organization","@id":"https:\/\/traktforesthotel.com\/de\/#organization","name":"Trakt Forest Hotel","url":"https:\/\/traktforesthotel.com\/de\/","logo":{"@type":"ImageObject","inLanguage":"de","@id":"https:\/\/traktforesthotel.com\/de\/#\/schema\/logo\/image\/","url":"https:\/\/traktforesthotel.com\/wp-content\/uploads\/2022\/10\/TRA-symbol.svg","contentUrl":"https:\/\/traktforesthotel.com\/wp-content\/uploads\/2022\/10\/TRA-symbol.svg","width":1024,"height":1024,"caption":"Trakt Forest Hotel"},"image":{"@id":"https:\/\/traktforesthotel.com\/de\/#\/schema\/logo\/image\/"}}]}},"_links":{"self":[{"href":"https:\/\/traktforesthotel.com\/de\/wp-json\/wp\/v2\/pages\/10256","targetHints":{"allow":["GET"]}}],"collection":[{"href":"https:\/\/traktforesthotel.com\/de\/wp-json\/wp\/v2\/pages"}],"about":[{"href":"https:\/\/traktforesthotel.com\/de\/wp-json\/wp\/v2\/types\/page"}],"author":[{"embeddable":true,"href":"https:\/\/traktforesthotel.com\/de\/wp-json\/wp\/v2\/users\/6"}],"replies":[{"embeddable":true,"href":"https:\/\/traktforesthotel.com\/de\/wp-json\/wp\/v2\/comments?post=10256"}],"version-history":[{"count":24,"href":"https:\/\/traktforesthotel.com\/de\/wp-json\/wp\/v2\/pages\/10256\/revisions"}],"predecessor-version":[{"id":12132,"href":"https:\/\/traktforesthotel.com\/de\/wp-json\/wp\/v2\/pages\/10256\/revisions\/12132"}],"up":[{"embeddable":true,"href":"https:\/\/traktforesthotel.com\/de\/wp-json\/wp\/v2\/pages\/10212"}],"wp:attachment":[{"href":"https:\/\/traktforesthotel.com\/de\/wp-json\/wp\/v2\/media?parent=10256"}],"curies":[{"name":"wp","href":"https:\/\/api.w.org\/{rel}","templated":true}]}}