{"id":221,"date":"2021-04-22T20:21:11","date_gmt":"2021-04-22T20:21:11","guid":{"rendered":"https:\/\/traktforesthotel.com\/?page_id=221"},"modified":"2024-11-25T10:04:03","modified_gmt":"2024-11-25T10:04:03","slug":"om-trakt","status":"publish","type":"page","link":"https:\/\/traktforesthotel.com\/sv\/om-trakt\/","title":{"rendered":"Om Trakt Forest Hotel"},"content":{"rendered":"","protected":false},"excerpt":{"rendered":"&#8221;Ett helt unikt st\u00e4lle och en dr\u00f6m f\u00f6r dig som s\u00f6ker lugn och ro&#8221;, skriver Travel and Leisure. L\u00e4s mer i Livsstil och resa i&hellip;","protected":false},"author":1,"featured_media":3591,"parent":0,"menu_order":24,"comment_status":"closed","ping_status":"closed","template":"page-title.php","meta":{"_acf_changed":false,"footnotes":""},"class_list":["post-221","page","type-page","status-publish","has-post-thumbnail","hentry"],"acf":[],"yoast_head":"<!-- This site is optimized with the Yoast SEO plugin v27.3 - https:\/\/yoast.com\/product\/yoast-seo-wordpress\/ -->\n<title>Om Trakt Forest Hotel - Trakt Forest Hotel<\/title>\n<meta name=\"description\" content=\"Trakt Forest Hotel \u00e4r ett skogshotell som fr\u00e5n och med sommaren 2022 drivs av Sandra och Mattias S\u00e4lleteg.\" \/>\n<meta name=\"robots\" content=\"index, follow, max-snippet:-1, max-image-preview:large, max-video-preview:-1\" \/>\n<link rel=\"canonical\" href=\"https:\/\/traktforesthotel.com\/sv\/om-trakt\/\" \/>\n<meta property=\"og:locale\" content=\"sv_SE\" \/>\n<meta property=\"og:type\" content=\"article\" \/>\n<meta property=\"og:title\" content=\"Om Trakt Forest Hotel - Trakt Forest Hotel\" \/>\n<meta property=\"og:description\" content=\"Trakt Forest Hotel \u00e4r ett skogshotell som fr\u00e5n och med sommaren 2022 drivs av Sandra och Mattias S\u00e4lleteg.\" \/>\n<meta property=\"og:url\" content=\"https:\/\/traktforesthotel.com\/sv\/om-trakt\/\" \/>\n<meta property=\"og:site_name\" content=\"Trakt Forest Hotel\" \/>\n<meta property=\"article:modified_time\" content=\"2024-11-25T10:04:03+00:00\" \/>\n<meta property=\"og:image\" content=\"https:\/\/traktforesthotel.com\/wp-content\/uploads\/2023\/06\/js-trakt-01067-1-2500px-scaled.jpg\" \/>\n\t<meta property=\"og:image:width\" content=\"2000\" \/>\n\t<meta property=\"og:image:height\" content=\"1242\" \/>\n\t<meta property=\"og:image:type\" content=\"image\/jpeg\" \/>\n<meta name=\"twitter:card\" content=\"summary_large_image\" \/>\n<script type=\"application\/ld+json\" class=\"yoast-schema-graph\">{\"@context\":\"https:\\\/\\\/schema.org\",\"@graph\":[{\"@type\":\"WebPage\",\"@id\":\"https:\\\/\\\/traktforesthotel.com\\\/sv\\\/om-trakt\\\/\",\"url\":\"https:\\\/\\\/traktforesthotel.com\\\/sv\\\/om-trakt\\\/\",\"name\":\"Om Trakt Forest Hotel - Trakt Forest Hotel\",\"isPartOf\":{\"@id\":\"https:\\\/\\\/traktforesthotel.com\\\/sv\\\/#website\"},\"primaryImageOfPage\":{\"@id\":\"https:\\\/\\\/traktforesthotel.com\\\/sv\\\/om-trakt\\\/#primaryimage\"},\"image\":{\"@id\":\"https:\\\/\\\/traktforesthotel.com\\\/sv\\\/om-trakt\\\/#primaryimage\"},\"thumbnailUrl\":\"https:\\\/\\\/traktforesthotel.com\\\/wp-content\\\/uploads\\\/2023\\\/06\\\/js-trakt-01067-1-2500px-scaled.jpg\",\"datePublished\":\"2021-04-22T20:21:11+00:00\",\"dateModified\":\"2024-11-25T10:04:03+00:00\",\"description\":\"Trakt Forest Hotel \u00e4r ett skogshotell som fr\u00e5n och med sommaren 2022 drivs av Sandra och Mattias S\u00e4lleteg.\",\"breadcrumb\":{\"@id\":\"https:\\\/\\\/traktforesthotel.com\\\/sv\\\/om-trakt\\\/#breadcrumb\"},\"inLanguage\":\"sv-SE\",\"potentialAction\":[{\"@type\":\"ReadAction\",\"target\":[\"https:\\\/\\\/traktforesthotel.com\\\/sv\\\/om-trakt\\\/\"]}]},{\"@type\":\"ImageObject\",\"inLanguage\":\"sv-SE\",\"@id\":\"https:\\\/\\\/traktforesthotel.com\\\/sv\\\/om-trakt\\\/#primaryimage\",\"url\":\"https:\\\/\\\/traktforesthotel.com\\\/wp-content\\\/uploads\\\/2023\\\/06\\\/js-trakt-01067-1-2500px-scaled.jpg\",\"contentUrl\":\"https:\\\/\\\/traktforesthotel.com\\\/wp-content\\\/uploads\\\/2023\\\/06\\\/js-trakt-01067-1-2500px-scaled.jpg\",\"width\":2000,\"height\":1242},{\"@type\":\"BreadcrumbList\",\"@id\":\"https:\\\/\\\/traktforesthotel.com\\\/sv\\\/om-trakt\\\/#breadcrumb\",\"itemListElement\":[{\"@type\":\"ListItem\",\"position\":1,\"name\":\"Hem\",\"item\":\"https:\\\/\\\/traktforesthotel.com\\\/sv\\\/\"},{\"@type\":\"ListItem\",\"position\":2,\"name\":\"Om Trakt Forest Hotel\"}]},{\"@type\":\"WebSite\",\"@id\":\"https:\\\/\\\/traktforesthotel.com\\\/sv\\\/#website\",\"url\":\"https:\\\/\\\/traktforesthotel.com\\\/sv\\\/\",\"name\":\"Trakt Forest Hotel\",\"description\":\"\",\"publisher\":{\"@id\":\"https:\\\/\\\/traktforesthotel.com\\\/sv\\\/#organization\"},\"potentialAction\":[{\"@type\":\"SearchAction\",\"target\":{\"@type\":\"EntryPoint\",\"urlTemplate\":\"https:\\\/\\\/traktforesthotel.com\\\/sv\\\/?s={search_term_string}\"},\"query-input\":{\"@type\":\"PropertyValueSpecification\",\"valueRequired\":true,\"valueName\":\"search_term_string\"}}],\"inLanguage\":\"sv-SE\"},{\"@type\":\"Organization\",\"@id\":\"https:\\\/\\\/traktforesthotel.com\\\/sv\\\/#organization\",\"name\":\"Trakt Forest Hotel\",\"url\":\"https:\\\/\\\/traktforesthotel.com\\\/sv\\\/\",\"logo\":{\"@type\":\"ImageObject\",\"inLanguage\":\"sv-SE\",\"@id\":\"https:\\\/\\\/traktforesthotel.com\\\/sv\\\/#\\\/schema\\\/logo\\\/image\\\/\",\"url\":\"https:\\\/\\\/traktforesthotel.com\\\/wp-content\\\/uploads\\\/2022\\\/10\\\/TRA-symbol.svg\",\"contentUrl\":\"https:\\\/\\\/traktforesthotel.com\\\/wp-content\\\/uploads\\\/2022\\\/10\\\/TRA-symbol.svg\",\"width\":1024,\"height\":1024,\"caption\":\"Trakt Forest Hotel\"},\"image\":{\"@id\":\"https:\\\/\\\/traktforesthotel.com\\\/sv\\\/#\\\/schema\\\/logo\\\/image\\\/\"}}]}<\/script>\n<!-- \/ Yoast SEO plugin. -->","yoast_head_json":{"title":"Om Trakt Forest Hotel - Trakt Forest Hotel","description":"Trakt Forest Hotel \u00e4r ett skogshotell som fr\u00e5n och med sommaren 2022 drivs av Sandra och Mattias S\u00e4lleteg.","robots":{"index":"index","follow":"follow","max-snippet":"max-snippet:-1","max-image-preview":"max-image-preview:large","max-video-preview":"max-video-preview:-1"},"canonical":"https:\/\/traktforesthotel.com\/sv\/om-trakt\/","og_locale":"sv_SE","og_type":"article","og_title":"Om Trakt Forest Hotel - Trakt Forest Hotel","og_description":"Trakt Forest Hotel \u00e4r ett skogshotell som fr\u00e5n och med sommaren 2022 drivs av Sandra och Mattias S\u00e4lleteg.","og_url":"https:\/\/traktforesthotel.com\/sv\/om-trakt\/","og_site_name":"Trakt Forest Hotel","article_modified_time":"2024-11-25T10:04:03+00:00","og_image":[{"width":2000,"height":1242,"url":"https:\/\/traktforesthotel.com\/wp-content\/uploads\/2023\/06\/js-trakt-01067-1-2500px-scaled.jpg","type":"image\/jpeg"}],"twitter_card":"summary_large_image","schema":{"@context":"https:\/\/schema.org","@graph":[{"@type":"WebPage","@id":"https:\/\/traktforesthotel.com\/sv\/om-trakt\/","url":"https:\/\/traktforesthotel.com\/sv\/om-trakt\/","name":"Om Trakt Forest Hotel - Trakt Forest Hotel","isPartOf":{"@id":"https:\/\/traktforesthotel.com\/sv\/#website"},"primaryImageOfPage":{"@id":"https:\/\/traktforesthotel.com\/sv\/om-trakt\/#primaryimage"},"image":{"@id":"https:\/\/traktforesthotel.com\/sv\/om-trakt\/#primaryimage"},"thumbnailUrl":"https:\/\/traktforesthotel.com\/wp-content\/uploads\/2023\/06\/js-trakt-01067-1-2500px-scaled.jpg","datePublished":"2021-04-22T20:21:11+00:00","dateModified":"2024-11-25T10:04:03+00:00","description":"Trakt Forest Hotel \u00e4r ett skogshotell som fr\u00e5n och med sommaren 2022 drivs av Sandra och Mattias S\u00e4lleteg.","breadcrumb":{"@id":"https:\/\/traktforesthotel.com\/sv\/om-trakt\/#breadcrumb"},"inLanguage":"sv-SE","potentialAction":[{"@type":"ReadAction","target":["https:\/\/traktforesthotel.com\/sv\/om-trakt\/"]}]},{"@type":"ImageObject","inLanguage":"sv-SE","@id":"https:\/\/traktforesthotel.com\/sv\/om-trakt\/#primaryimage","url":"https:\/\/traktforesthotel.com\/wp-content\/uploads\/2023\/06\/js-trakt-01067-1-2500px-scaled.jpg","contentUrl":"https:\/\/traktforesthotel.com\/wp-content\/uploads\/2023\/06\/js-trakt-01067-1-2500px-scaled.jpg","width":2000,"height":1242},{"@type":"BreadcrumbList","@id":"https:\/\/traktforesthotel.com\/sv\/om-trakt\/#breadcrumb","itemListElement":[{"@type":"ListItem","position":1,"name":"Hem","item":"https:\/\/traktforesthotel.com\/sv\/"},{"@type":"ListItem","position":2,"name":"Om Trakt Forest Hotel"}]},{"@type":"WebSite","@id":"https:\/\/traktforesthotel.com\/sv\/#website","url":"https:\/\/traktforesthotel.com\/sv\/","name":"Trakt Forest Hotel","description":"","publisher":{"@id":"https:\/\/traktforesthotel.com\/sv\/#organization"},"potentialAction":[{"@type":"SearchAction","target":{"@type":"EntryPoint","urlTemplate":"https:\/\/traktforesthotel.com\/sv\/?s={search_term_string}"},"query-input":{"@type":"PropertyValueSpecification","valueRequired":true,"valueName":"search_term_string"}}],"inLanguage":"sv-SE"},{"@type":"Organization","@id":"https:\/\/traktforesthotel.com\/sv\/#organization","name":"Trakt Forest Hotel","url":"https:\/\/traktforesthotel.com\/sv\/","logo":{"@type":"ImageObject","inLanguage":"sv-SE","@id":"https:\/\/traktforesthotel.com\/sv\/#\/schema\/logo\/image\/","url":"https:\/\/traktforesthotel.com\/wp-content\/uploads\/2022\/10\/TRA-symbol.svg","contentUrl":"https:\/\/traktforesthotel.com\/wp-content\/uploads\/2022\/10\/TRA-symbol.svg","width":1024,"height":1024,"caption":"Trakt Forest Hotel"},"image":{"@id":"https:\/\/traktforesthotel.com\/sv\/#\/schema\/logo\/image\/"}}]}},"_links":{"self":[{"href":"https:\/\/traktforesthotel.com\/sv\/wp-json\/wp\/v2\/pages\/221","targetHints":{"allow":["GET"]}}],"collection":[{"href":"https:\/\/traktforesthotel.com\/sv\/wp-json\/wp\/v2\/pages"}],"about":[{"href":"https:\/\/traktforesthotel.com\/sv\/wp-json\/wp\/v2\/types\/page"}],"author":[{"embeddable":true,"href":"https:\/\/traktforesthotel.com\/sv\/wp-json\/wp\/v2\/users\/1"}],"replies":[{"embeddable":true,"href":"https:\/\/traktforesthotel.com\/sv\/wp-json\/wp\/v2\/comments?post=221"}],"version-history":[{"count":65,"href":"https:\/\/traktforesthotel.com\/sv\/wp-json\/wp\/v2\/pages\/221\/revisions"}],"predecessor-version":[{"id":9560,"href":"https:\/\/traktforesthotel.com\/sv\/wp-json\/wp\/v2\/pages\/221\/revisions\/9560"}],"wp:featuredmedia":[{"embeddable":true,"href":"https:\/\/traktforesthotel.com\/sv\/wp-json\/wp\/v2\/media\/3591"}],"wp:attachment":[{"href":"https:\/\/traktforesthotel.com\/sv\/wp-json\/wp\/v2\/media?parent=221"}],"curies":[{"name":"wp","href":"https:\/\/api.w.org\/{rel}","templated":true}]}}