{"id":252,"date":"2021-04-22T21:05:54","date_gmt":"2021-04-22T21:05:54","guid":{"rendered":"https:\/\/traktforesthotel.com\/?page_id=252"},"modified":"2026-04-08T12:50:15","modified_gmt":"2026-04-08T12:50:15","slug":"faq","status":"publish","type":"page","link":"https:\/\/traktforesthotel.com\/sv\/faq\/","title":{"rendered":"Vanliga fr\u00e5gor"},"content":{"rendered":"","protected":false},"excerpt":{"rendered":"","protected":false},"author":1,"featured_media":10901,"parent":0,"menu_order":23,"comment_status":"closed","ping_status":"closed","template":"page-faq.php","meta":{"_acf_changed":false,"footnotes":""},"class_list":["post-252","page","type-page","status-publish","has-post-thumbnail","hentry"],"acf":[],"yoast_head":"<!-- This site is optimized with the Yoast SEO plugin v27.3 - https:\/\/yoast.com\/product\/yoast-seo-wordpress\/ -->\n<title>Vanliga fr\u00e5gor - Trakt Forest Hotel<\/title>\n<meta name=\"description\" content=\"Undrar du n\u00e5got kring Trakt Forest Hotel? H\u00e4r kanske du f\u00e5r svar p\u00e5 dina fr\u00e5gor.\" \/>\n<meta name=\"robots\" content=\"index, follow, max-snippet:-1, max-image-preview:large, max-video-preview:-1\" \/>\n<link rel=\"canonical\" href=\"https:\/\/traktforesthotel.com\/sv\/faq\/\" \/>\n<meta property=\"og:locale\" content=\"sv_SE\" \/>\n<meta property=\"og:type\" content=\"article\" \/>\n<meta property=\"og:title\" content=\"Vanliga fr\u00e5gor - Trakt Forest Hotel\" \/>\n<meta property=\"og:description\" content=\"Undrar du n\u00e5got kring Trakt Forest Hotel? H\u00e4r kanske du f\u00e5r svar p\u00e5 dina fr\u00e5gor.\" \/>\n<meta property=\"og:url\" content=\"https:\/\/traktforesthotel.com\/sv\/faq\/\" \/>\n<meta property=\"og:site_name\" content=\"Trakt Forest Hotel\" \/>\n<meta property=\"article:modified_time\" content=\"2026-04-08T12:50:15+00:00\" \/>\n<meta property=\"og:image\" content=\"https:\/\/traktforesthotel.com\/wp-content\/uploads\/2025\/12\/WEB-FotografEmmaIvarsson_250218-27-scaled.jpg\" \/>\n\t<meta property=\"og:image:width\" content=\"2000\" \/>\n\t<meta property=\"og:image:height\" content=\"1334\" \/>\n\t<meta property=\"og:image:type\" content=\"image\/jpeg\" \/>\n<meta name=\"twitter:card\" content=\"summary_large_image\" \/>\n<meta name=\"twitter:label1\" content=\"Ber\u00e4knad l\u00e4stid\" \/>\n\t<meta name=\"twitter:data1\" content=\"7 minuter\" \/>\n<script type=\"application\/ld+json\" class=\"yoast-schema-graph\">{\"@context\":\"https:\\\/\\\/schema.org\",\"@graph\":[{\"@type\":\"WebPage\",\"@id\":\"https:\\\/\\\/traktforesthotel.com\\\/sv\\\/faq\\\/\",\"url\":\"https:\\\/\\\/traktforesthotel.com\\\/sv\\\/faq\\\/\",\"name\":\"Vanliga fr\u00e5gor - Trakt Forest Hotel\",\"isPartOf\":{\"@id\":\"https:\\\/\\\/traktforesthotel.com\\\/sv\\\/#website\"},\"primaryImageOfPage\":{\"@id\":\"https:\\\/\\\/traktforesthotel.com\\\/sv\\\/faq\\\/#primaryimage\"},\"image\":{\"@id\":\"https:\\\/\\\/traktforesthotel.com\\\/sv\\\/faq\\\/#primaryimage\"},\"thumbnailUrl\":\"https:\\\/\\\/traktforesthotel.com\\\/wp-content\\\/uploads\\\/2025\\\/12\\\/WEB-FotografEmmaIvarsson_250218-27-scaled.jpg\",\"datePublished\":\"2021-04-22T21:05:54+00:00\",\"dateModified\":\"2026-04-08T12:50:15+00:00\",\"description\":\"Undrar du n\u00e5got kring Trakt Forest Hotel? H\u00e4r kanske du f\u00e5r svar p\u00e5 dina fr\u00e5gor.\",\"breadcrumb\":{\"@id\":\"https:\\\/\\\/traktforesthotel.com\\\/sv\\\/faq\\\/#breadcrumb\"},\"inLanguage\":\"sv-SE\",\"potentialAction\":[{\"@type\":\"ReadAction\",\"target\":[\"https:\\\/\\\/traktforesthotel.com\\\/sv\\\/faq\\\/\"]}]},{\"@type\":\"ImageObject\",\"inLanguage\":\"sv-SE\",\"@id\":\"https:\\\/\\\/traktforesthotel.com\\\/sv\\\/faq\\\/#primaryimage\",\"url\":\"https:\\\/\\\/traktforesthotel.com\\\/wp-content\\\/uploads\\\/2025\\\/12\\\/WEB-FotografEmmaIvarsson_250218-27-scaled.jpg\",\"contentUrl\":\"https:\\\/\\\/traktforesthotel.com\\\/wp-content\\\/uploads\\\/2025\\\/12\\\/WEB-FotografEmmaIvarsson_250218-27-scaled.jpg\",\"width\":2000,\"height\":1334},{\"@type\":\"BreadcrumbList\",\"@id\":\"https:\\\/\\\/traktforesthotel.com\\\/sv\\\/faq\\\/#breadcrumb\",\"itemListElement\":[{\"@type\":\"ListItem\",\"position\":1,\"name\":\"Hem\",\"item\":\"https:\\\/\\\/traktforesthotel.com\\\/sv\\\/\"},{\"@type\":\"ListItem\",\"position\":2,\"name\":\"Vanliga fr\u00e5gor\"}]},{\"@type\":\"WebSite\",\"@id\":\"https:\\\/\\\/traktforesthotel.com\\\/sv\\\/#website\",\"url\":\"https:\\\/\\\/traktforesthotel.com\\\/sv\\\/\",\"name\":\"Trakt Forest Hotel\",\"description\":\"\",\"publisher\":{\"@id\":\"https:\\\/\\\/traktforesthotel.com\\\/sv\\\/#organization\"},\"potentialAction\":[{\"@type\":\"SearchAction\",\"target\":{\"@type\":\"EntryPoint\",\"urlTemplate\":\"https:\\\/\\\/traktforesthotel.com\\\/sv\\\/?s={search_term_string}\"},\"query-input\":{\"@type\":\"PropertyValueSpecification\",\"valueRequired\":true,\"valueName\":\"search_term_string\"}}],\"inLanguage\":\"sv-SE\"},{\"@type\":\"Organization\",\"@id\":\"https:\\\/\\\/traktforesthotel.com\\\/sv\\\/#organization\",\"name\":\"Trakt Forest Hotel\",\"url\":\"https:\\\/\\\/traktforesthotel.com\\\/sv\\\/\",\"logo\":{\"@type\":\"ImageObject\",\"inLanguage\":\"sv-SE\",\"@id\":\"https:\\\/\\\/traktforesthotel.com\\\/sv\\\/#\\\/schema\\\/logo\\\/image\\\/\",\"url\":\"https:\\\/\\\/traktforesthotel.com\\\/wp-content\\\/uploads\\\/2022\\\/10\\\/TRA-symbol.svg\",\"contentUrl\":\"https:\\\/\\\/traktforesthotel.com\\\/wp-content\\\/uploads\\\/2022\\\/10\\\/TRA-symbol.svg\",\"width\":1024,\"height\":1024,\"caption\":\"Trakt Forest Hotel\"},\"image\":{\"@id\":\"https:\\\/\\\/traktforesthotel.com\\\/sv\\\/#\\\/schema\\\/logo\\\/image\\\/\"}}]}<\/script>\n<!-- \/ Yoast SEO plugin. -->","yoast_head_json":{"title":"Vanliga fr\u00e5gor - Trakt Forest Hotel","description":"Undrar du n\u00e5got kring Trakt Forest Hotel? H\u00e4r kanske du f\u00e5r svar p\u00e5 dina fr\u00e5gor.","robots":{"index":"index","follow":"follow","max-snippet":"max-snippet:-1","max-image-preview":"max-image-preview:large","max-video-preview":"max-video-preview:-1"},"canonical":"https:\/\/traktforesthotel.com\/sv\/faq\/","og_locale":"sv_SE","og_type":"article","og_title":"Vanliga fr\u00e5gor - Trakt Forest Hotel","og_description":"Undrar du n\u00e5got kring Trakt Forest Hotel? H\u00e4r kanske du f\u00e5r svar p\u00e5 dina fr\u00e5gor.","og_url":"https:\/\/traktforesthotel.com\/sv\/faq\/","og_site_name":"Trakt Forest Hotel","article_modified_time":"2026-04-08T12:50:15+00:00","og_image":[{"width":2000,"height":1334,"url":"https:\/\/traktforesthotel.com\/wp-content\/uploads\/2025\/12\/WEB-FotografEmmaIvarsson_250218-27-scaled.jpg","type":"image\/jpeg"}],"twitter_card":"summary_large_image","twitter_misc":{"Ber\u00e4knad l\u00e4stid":"7 minuter"},"schema":{"@context":"https:\/\/schema.org","@graph":[{"@type":"WebPage","@id":"https:\/\/traktforesthotel.com\/sv\/faq\/","url":"https:\/\/traktforesthotel.com\/sv\/faq\/","name":"Vanliga fr\u00e5gor - Trakt Forest Hotel","isPartOf":{"@id":"https:\/\/traktforesthotel.com\/sv\/#website"},"primaryImageOfPage":{"@id":"https:\/\/traktforesthotel.com\/sv\/faq\/#primaryimage"},"image":{"@id":"https:\/\/traktforesthotel.com\/sv\/faq\/#primaryimage"},"thumbnailUrl":"https:\/\/traktforesthotel.com\/wp-content\/uploads\/2025\/12\/WEB-FotografEmmaIvarsson_250218-27-scaled.jpg","datePublished":"2021-04-22T21:05:54+00:00","dateModified":"2026-04-08T12:50:15+00:00","description":"Undrar du n\u00e5got kring Trakt Forest Hotel? H\u00e4r kanske du f\u00e5r svar p\u00e5 dina fr\u00e5gor.","breadcrumb":{"@id":"https:\/\/traktforesthotel.com\/sv\/faq\/#breadcrumb"},"inLanguage":"sv-SE","potentialAction":[{"@type":"ReadAction","target":["https:\/\/traktforesthotel.com\/sv\/faq\/"]}]},{"@type":"ImageObject","inLanguage":"sv-SE","@id":"https:\/\/traktforesthotel.com\/sv\/faq\/#primaryimage","url":"https:\/\/traktforesthotel.com\/wp-content\/uploads\/2025\/12\/WEB-FotografEmmaIvarsson_250218-27-scaled.jpg","contentUrl":"https:\/\/traktforesthotel.com\/wp-content\/uploads\/2025\/12\/WEB-FotografEmmaIvarsson_250218-27-scaled.jpg","width":2000,"height":1334},{"@type":"BreadcrumbList","@id":"https:\/\/traktforesthotel.com\/sv\/faq\/#breadcrumb","itemListElement":[{"@type":"ListItem","position":1,"name":"Hem","item":"https:\/\/traktforesthotel.com\/sv\/"},{"@type":"ListItem","position":2,"name":"Vanliga fr\u00e5gor"}]},{"@type":"WebSite","@id":"https:\/\/traktforesthotel.com\/sv\/#website","url":"https:\/\/traktforesthotel.com\/sv\/","name":"Trakt Forest Hotel","description":"","publisher":{"@id":"https:\/\/traktforesthotel.com\/sv\/#organization"},"potentialAction":[{"@type":"SearchAction","target":{"@type":"EntryPoint","urlTemplate":"https:\/\/traktforesthotel.com\/sv\/?s={search_term_string}"},"query-input":{"@type":"PropertyValueSpecification","valueRequired":true,"valueName":"search_term_string"}}],"inLanguage":"sv-SE"},{"@type":"Organization","@id":"https:\/\/traktforesthotel.com\/sv\/#organization","name":"Trakt Forest Hotel","url":"https:\/\/traktforesthotel.com\/sv\/","logo":{"@type":"ImageObject","inLanguage":"sv-SE","@id":"https:\/\/traktforesthotel.com\/sv\/#\/schema\/logo\/image\/","url":"https:\/\/traktforesthotel.com\/wp-content\/uploads\/2022\/10\/TRA-symbol.svg","contentUrl":"https:\/\/traktforesthotel.com\/wp-content\/uploads\/2022\/10\/TRA-symbol.svg","width":1024,"height":1024,"caption":"Trakt Forest Hotel"},"image":{"@id":"https:\/\/traktforesthotel.com\/sv\/#\/schema\/logo\/image\/"}}]}},"_links":{"self":[{"href":"https:\/\/traktforesthotel.com\/sv\/wp-json\/wp\/v2\/pages\/252","targetHints":{"allow":["GET"]}}],"collection":[{"href":"https:\/\/traktforesthotel.com\/sv\/wp-json\/wp\/v2\/pages"}],"about":[{"href":"https:\/\/traktforesthotel.com\/sv\/wp-json\/wp\/v2\/types\/page"}],"author":[{"embeddable":true,"href":"https:\/\/traktforesthotel.com\/sv\/wp-json\/wp\/v2\/users\/1"}],"replies":[{"embeddable":true,"href":"https:\/\/traktforesthotel.com\/sv\/wp-json\/wp\/v2\/comments?post=252"}],"version-history":[{"count":62,"href":"https:\/\/traktforesthotel.com\/sv\/wp-json\/wp\/v2\/pages\/252\/revisions"}],"predecessor-version":[{"id":12102,"href":"https:\/\/traktforesthotel.com\/sv\/wp-json\/wp\/v2\/pages\/252\/revisions\/12102"}],"wp:featuredmedia":[{"embeddable":true,"href":"https:\/\/traktforesthotel.com\/sv\/wp-json\/wp\/v2\/media\/10901"}],"wp:attachment":[{"href":"https:\/\/traktforesthotel.com\/sv\/wp-json\/wp\/v2\/media?parent=252"}],"curies":[{"name":"wp","href":"https:\/\/api.w.org\/{rel}","templated":true}]}}