{"id":384,"date":"2021-05-03T12:35:32","date_gmt":"2021-05-03T12:35:32","guid":{"rendered":"https:\/\/traktforesthotel.com\/?page_id=384"},"modified":"2024-08-13T08:01:12","modified_gmt":"2024-08-13T08:01:12","slug":"design-och-materialval","status":"publish","type":"page","link":"https:\/\/traktforesthotel.com\/sv\/design-och-materialval\/","title":{"rendered":"Design och materialval"},"content":{"rendered":"","protected":false},"excerpt":{"rendered":"Att bo p\u00e5 Trakt Forest Hotel betyder att du bor mitt i hj\u00e4rtat av den sm\u00e5l\u00e4ndska skogen. Det speglar \u00e4ven av sig i arkitekturen och&hellip;","protected":false},"author":1,"featured_media":548,"parent":0,"menu_order":21,"comment_status":"closed","ping_status":"closed","template":"page-title.php","meta":{"_acf_changed":false,"footnotes":""},"class_list":["post-384","page","type-page","status-publish","has-post-thumbnail","hentry"],"acf":[],"yoast_head":"<!-- This site is optimized with the Yoast SEO plugin v27.3 - https:\/\/yoast.com\/product\/yoast-seo-wordpress\/ -->\n<title>Design och materialval - Trakt Forest Hotel<\/title>\n<meta name=\"description\" content=\"Arkitektbyr\u00e5n Wing\u00e5rdhs ligger bakom de fem skogssviterna. Inredningen best\u00e5r av f\u00e5 l\u00f6sa m\u00f6bler, lokalt designade, som sm\u00e4lter in i den sm\u00e5l\u00e4ndska skogen.\" \/>\n<meta name=\"robots\" content=\"index, follow, max-snippet:-1, max-image-preview:large, max-video-preview:-1\" \/>\n<link rel=\"canonical\" href=\"https:\/\/traktforesthotel.com\/sv\/design-och-materialval\/\" \/>\n<meta property=\"og:locale\" content=\"sv_SE\" \/>\n<meta property=\"og:type\" content=\"article\" \/>\n<meta property=\"og:title\" content=\"Design och materialval - Trakt Forest Hotel\" \/>\n<meta property=\"og:description\" content=\"Arkitektbyr\u00e5n Wing\u00e5rdhs ligger bakom de fem skogssviterna. Inredningen best\u00e5r av f\u00e5 l\u00f6sa m\u00f6bler, lokalt designade, som sm\u00e4lter in i den sm\u00e5l\u00e4ndska skogen.\" \/>\n<meta property=\"og:url\" content=\"https:\/\/traktforesthotel.com\/sv\/design-och-materialval\/\" \/>\n<meta property=\"og:site_name\" content=\"Trakt Forest Hotel\" \/>\n<meta property=\"article:modified_time\" content=\"2024-08-13T08:01:12+00:00\" \/>\n<meta property=\"og:image\" content=\"https:\/\/traktforesthotel.com\/wp-content\/uploads\/2021\/05\/Trakt-forest-hotel-exterior-03-300dpi.jpg\" \/>\n\t<meta property=\"og:image:width\" content=\"2000\" \/>\n\t<meta property=\"og:image:height\" content=\"2214\" \/>\n\t<meta property=\"og:image:type\" content=\"image\/jpeg\" \/>\n<meta name=\"twitter:card\" content=\"summary_large_image\" \/>\n<script type=\"application\/ld+json\" class=\"yoast-schema-graph\">{\"@context\":\"https:\\\/\\\/schema.org\",\"@graph\":[{\"@type\":\"WebPage\",\"@id\":\"https:\\\/\\\/traktforesthotel.com\\\/sv\\\/design-och-materialval\\\/\",\"url\":\"https:\\\/\\\/traktforesthotel.com\\\/sv\\\/design-och-materialval\\\/\",\"name\":\"Design och materialval - Trakt Forest Hotel\",\"isPartOf\":{\"@id\":\"https:\\\/\\\/traktforesthotel.com\\\/sv\\\/#website\"},\"primaryImageOfPage\":{\"@id\":\"https:\\\/\\\/traktforesthotel.com\\\/sv\\\/design-och-materialval\\\/#primaryimage\"},\"image\":{\"@id\":\"https:\\\/\\\/traktforesthotel.com\\\/sv\\\/design-och-materialval\\\/#primaryimage\"},\"thumbnailUrl\":\"https:\\\/\\\/traktforesthotel.com\\\/wp-content\\\/uploads\\\/2021\\\/05\\\/Trakt-forest-hotel-exterior-03-300dpi.jpg\",\"datePublished\":\"2021-05-03T12:35:32+00:00\",\"dateModified\":\"2024-08-13T08:01:12+00:00\",\"description\":\"Arkitektbyr\u00e5n Wing\u00e5rdhs ligger bakom de fem skogssviterna. Inredningen best\u00e5r av f\u00e5 l\u00f6sa m\u00f6bler, lokalt designade, som sm\u00e4lter in i den sm\u00e5l\u00e4ndska skogen.\",\"breadcrumb\":{\"@id\":\"https:\\\/\\\/traktforesthotel.com\\\/sv\\\/design-och-materialval\\\/#breadcrumb\"},\"inLanguage\":\"sv-SE\",\"potentialAction\":[{\"@type\":\"ReadAction\",\"target\":[\"https:\\\/\\\/traktforesthotel.com\\\/sv\\\/design-och-materialval\\\/\"]}]},{\"@type\":\"ImageObject\",\"inLanguage\":\"sv-SE\",\"@id\":\"https:\\\/\\\/traktforesthotel.com\\\/sv\\\/design-och-materialval\\\/#primaryimage\",\"url\":\"https:\\\/\\\/traktforesthotel.com\\\/wp-content\\\/uploads\\\/2021\\\/05\\\/Trakt-forest-hotel-exterior-03-300dpi.jpg\",\"contentUrl\":\"https:\\\/\\\/traktforesthotel.com\\\/wp-content\\\/uploads\\\/2021\\\/05\\\/Trakt-forest-hotel-exterior-03-300dpi.jpg\",\"width\":2000,\"height\":2214},{\"@type\":\"BreadcrumbList\",\"@id\":\"https:\\\/\\\/traktforesthotel.com\\\/sv\\\/design-och-materialval\\\/#breadcrumb\",\"itemListElement\":[{\"@type\":\"ListItem\",\"position\":1,\"name\":\"Hem\",\"item\":\"https:\\\/\\\/traktforesthotel.com\\\/sv\\\/\"},{\"@type\":\"ListItem\",\"position\":2,\"name\":\"Design och materialval\"}]},{\"@type\":\"WebSite\",\"@id\":\"https:\\\/\\\/traktforesthotel.com\\\/sv\\\/#website\",\"url\":\"https:\\\/\\\/traktforesthotel.com\\\/sv\\\/\",\"name\":\"Trakt Forest Hotel\",\"description\":\"\",\"publisher\":{\"@id\":\"https:\\\/\\\/traktforesthotel.com\\\/sv\\\/#organization\"},\"potentialAction\":[{\"@type\":\"SearchAction\",\"target\":{\"@type\":\"EntryPoint\",\"urlTemplate\":\"https:\\\/\\\/traktforesthotel.com\\\/sv\\\/?s={search_term_string}\"},\"query-input\":{\"@type\":\"PropertyValueSpecification\",\"valueRequired\":true,\"valueName\":\"search_term_string\"}}],\"inLanguage\":\"sv-SE\"},{\"@type\":\"Organization\",\"@id\":\"https:\\\/\\\/traktforesthotel.com\\\/sv\\\/#organization\",\"name\":\"Trakt Forest Hotel\",\"url\":\"https:\\\/\\\/traktforesthotel.com\\\/sv\\\/\",\"logo\":{\"@type\":\"ImageObject\",\"inLanguage\":\"sv-SE\",\"@id\":\"https:\\\/\\\/traktforesthotel.com\\\/sv\\\/#\\\/schema\\\/logo\\\/image\\\/\",\"url\":\"https:\\\/\\\/traktforesthotel.com\\\/wp-content\\\/uploads\\\/2022\\\/10\\\/TRA-symbol.svg\",\"contentUrl\":\"https:\\\/\\\/traktforesthotel.com\\\/wp-content\\\/uploads\\\/2022\\\/10\\\/TRA-symbol.svg\",\"width\":1024,\"height\":1024,\"caption\":\"Trakt Forest Hotel\"},\"image\":{\"@id\":\"https:\\\/\\\/traktforesthotel.com\\\/sv\\\/#\\\/schema\\\/logo\\\/image\\\/\"}}]}<\/script>\n<!-- \/ Yoast SEO plugin. -->","yoast_head_json":{"title":"Design och materialval - Trakt Forest Hotel","description":"Arkitektbyr\u00e5n Wing\u00e5rdhs ligger bakom de fem skogssviterna. Inredningen best\u00e5r av f\u00e5 l\u00f6sa m\u00f6bler, lokalt designade, som sm\u00e4lter in i den sm\u00e5l\u00e4ndska skogen.","robots":{"index":"index","follow":"follow","max-snippet":"max-snippet:-1","max-image-preview":"max-image-preview:large","max-video-preview":"max-video-preview:-1"},"canonical":"https:\/\/traktforesthotel.com\/sv\/design-och-materialval\/","og_locale":"sv_SE","og_type":"article","og_title":"Design och materialval - Trakt Forest Hotel","og_description":"Arkitektbyr\u00e5n Wing\u00e5rdhs ligger bakom de fem skogssviterna. Inredningen best\u00e5r av f\u00e5 l\u00f6sa m\u00f6bler, lokalt designade, som sm\u00e4lter in i den sm\u00e5l\u00e4ndska skogen.","og_url":"https:\/\/traktforesthotel.com\/sv\/design-och-materialval\/","og_site_name":"Trakt Forest Hotel","article_modified_time":"2024-08-13T08:01:12+00:00","og_image":[{"width":2000,"height":2214,"url":"https:\/\/traktforesthotel.com\/wp-content\/uploads\/2021\/05\/Trakt-forest-hotel-exterior-03-300dpi.jpg","type":"image\/jpeg"}],"twitter_card":"summary_large_image","schema":{"@context":"https:\/\/schema.org","@graph":[{"@type":"WebPage","@id":"https:\/\/traktforesthotel.com\/sv\/design-och-materialval\/","url":"https:\/\/traktforesthotel.com\/sv\/design-och-materialval\/","name":"Design och materialval - Trakt Forest Hotel","isPartOf":{"@id":"https:\/\/traktforesthotel.com\/sv\/#website"},"primaryImageOfPage":{"@id":"https:\/\/traktforesthotel.com\/sv\/design-och-materialval\/#primaryimage"},"image":{"@id":"https:\/\/traktforesthotel.com\/sv\/design-och-materialval\/#primaryimage"},"thumbnailUrl":"https:\/\/traktforesthotel.com\/wp-content\/uploads\/2021\/05\/Trakt-forest-hotel-exterior-03-300dpi.jpg","datePublished":"2021-05-03T12:35:32+00:00","dateModified":"2024-08-13T08:01:12+00:00","description":"Arkitektbyr\u00e5n Wing\u00e5rdhs ligger bakom de fem skogssviterna. Inredningen best\u00e5r av f\u00e5 l\u00f6sa m\u00f6bler, lokalt designade, som sm\u00e4lter in i den sm\u00e5l\u00e4ndska skogen.","breadcrumb":{"@id":"https:\/\/traktforesthotel.com\/sv\/design-och-materialval\/#breadcrumb"},"inLanguage":"sv-SE","potentialAction":[{"@type":"ReadAction","target":["https:\/\/traktforesthotel.com\/sv\/design-och-materialval\/"]}]},{"@type":"ImageObject","inLanguage":"sv-SE","@id":"https:\/\/traktforesthotel.com\/sv\/design-och-materialval\/#primaryimage","url":"https:\/\/traktforesthotel.com\/wp-content\/uploads\/2021\/05\/Trakt-forest-hotel-exterior-03-300dpi.jpg","contentUrl":"https:\/\/traktforesthotel.com\/wp-content\/uploads\/2021\/05\/Trakt-forest-hotel-exterior-03-300dpi.jpg","width":2000,"height":2214},{"@type":"BreadcrumbList","@id":"https:\/\/traktforesthotel.com\/sv\/design-och-materialval\/#breadcrumb","itemListElement":[{"@type":"ListItem","position":1,"name":"Hem","item":"https:\/\/traktforesthotel.com\/sv\/"},{"@type":"ListItem","position":2,"name":"Design och materialval"}]},{"@type":"WebSite","@id":"https:\/\/traktforesthotel.com\/sv\/#website","url":"https:\/\/traktforesthotel.com\/sv\/","name":"Trakt Forest Hotel","description":"","publisher":{"@id":"https:\/\/traktforesthotel.com\/sv\/#organization"},"potentialAction":[{"@type":"SearchAction","target":{"@type":"EntryPoint","urlTemplate":"https:\/\/traktforesthotel.com\/sv\/?s={search_term_string}"},"query-input":{"@type":"PropertyValueSpecification","valueRequired":true,"valueName":"search_term_string"}}],"inLanguage":"sv-SE"},{"@type":"Organization","@id":"https:\/\/traktforesthotel.com\/sv\/#organization","name":"Trakt Forest Hotel","url":"https:\/\/traktforesthotel.com\/sv\/","logo":{"@type":"ImageObject","inLanguage":"sv-SE","@id":"https:\/\/traktforesthotel.com\/sv\/#\/schema\/logo\/image\/","url":"https:\/\/traktforesthotel.com\/wp-content\/uploads\/2022\/10\/TRA-symbol.svg","contentUrl":"https:\/\/traktforesthotel.com\/wp-content\/uploads\/2022\/10\/TRA-symbol.svg","width":1024,"height":1024,"caption":"Trakt Forest Hotel"},"image":{"@id":"https:\/\/traktforesthotel.com\/sv\/#\/schema\/logo\/image\/"}}]}},"_links":{"self":[{"href":"https:\/\/traktforesthotel.com\/sv\/wp-json\/wp\/v2\/pages\/384","targetHints":{"allow":["GET"]}}],"collection":[{"href":"https:\/\/traktforesthotel.com\/sv\/wp-json\/wp\/v2\/pages"}],"about":[{"href":"https:\/\/traktforesthotel.com\/sv\/wp-json\/wp\/v2\/types\/page"}],"author":[{"embeddable":true,"href":"https:\/\/traktforesthotel.com\/sv\/wp-json\/wp\/v2\/users\/1"}],"replies":[{"embeddable":true,"href":"https:\/\/traktforesthotel.com\/sv\/wp-json\/wp\/v2\/comments?post=384"}],"version-history":[{"count":24,"href":"https:\/\/traktforesthotel.com\/sv\/wp-json\/wp\/v2\/pages\/384\/revisions"}],"predecessor-version":[{"id":1572,"href":"https:\/\/traktforesthotel.com\/sv\/wp-json\/wp\/v2\/pages\/384\/revisions\/1572"}],"wp:featuredmedia":[{"embeddable":true,"href":"https:\/\/traktforesthotel.com\/sv\/wp-json\/wp\/v2\/media\/548"}],"wp:attachment":[{"href":"https:\/\/traktforesthotel.com\/sv\/wp-json\/wp\/v2\/media?parent=384"}],"curies":[{"name":"wp","href":"https:\/\/api.w.org\/{rel}","templated":true}]}}