{"id":5020,"date":"2024-03-29T10:13:32","date_gmt":"2024-03-29T10:13:32","guid":{"rendered":"https:\/\/traktforesthotel.com\/?page_id=5020"},"modified":"2026-01-14T14:13:42","modified_gmt":"2026-01-14T14:13:42","slug":"dagkonferens","status":"publish","type":"page","link":"https:\/\/traktforesthotel.com\/sv\/om-konferens\/konferenspaket\/dagkonferens\/","title":{"rendered":"Dagkonferens"},"content":{"rendered":"","protected":false},"excerpt":{"rendered":"H\u00e4r bli du och ditt team omgivna av naturens lugnande atmosf\u00e4r, en perfekt plats f\u00f6r effektiva m\u00f6ten och f\u00f6r att hitta inspiration. Frida ser till&hellip;","protected":false},"author":2,"featured_media":0,"parent":4804,"menu_order":0,"comment_status":"closed","ping_status":"closed","template":"","meta":{"_acf_changed":false,"footnotes":""},"class_list":["post-5020","page","type-page","status-publish","hentry"],"acf":[],"yoast_head":"<!-- This site is optimized with the Yoast SEO plugin v27.3 - https:\/\/yoast.com\/product\/yoast-seo-wordpress\/ -->\n<title>Dagkonferens - Trakt Forest Hotel<\/title>\n<meta name=\"robots\" content=\"index, follow, max-snippet:-1, max-image-preview:large, max-video-preview:-1\" \/>\n<link rel=\"canonical\" href=\"https:\/\/traktforesthotel.com\/sv\/om-konferens\/konferenspaket\/dagkonferens\/\" \/>\n<meta property=\"og:locale\" content=\"sv_SE\" \/>\n<meta property=\"og:type\" content=\"article\" \/>\n<meta property=\"og:title\" content=\"Dagkonferens - Trakt Forest Hotel\" \/>\n<meta property=\"og:url\" content=\"https:\/\/traktforesthotel.com\/sv\/om-konferens\/konferenspaket\/dagkonferens\/\" \/>\n<meta property=\"og:site_name\" content=\"Trakt Forest Hotel\" \/>\n<meta property=\"article:modified_time\" content=\"2026-01-14T14:13:42+00:00\" \/>\n<meta name=\"twitter:card\" content=\"summary_large_image\" \/>\n<meta name=\"twitter:label1\" content=\"Ber\u00e4knad l\u00e4stid\" \/>\n\t<meta name=\"twitter:data1\" content=\"2 minuter\" \/>\n<script type=\"application\/ld+json\" class=\"yoast-schema-graph\">{\"@context\":\"https:\\\/\\\/schema.org\",\"@graph\":[{\"@type\":\"WebPage\",\"@id\":\"https:\\\/\\\/traktforesthotel.com\\\/sv\\\/om-konferens\\\/konferenspaket\\\/dagkonferens\\\/\",\"url\":\"https:\\\/\\\/traktforesthotel.com\\\/sv\\\/om-konferens\\\/konferenspaket\\\/dagkonferens\\\/\",\"name\":\"Dagkonferens - Trakt Forest Hotel\",\"isPartOf\":{\"@id\":\"https:\\\/\\\/traktforesthotel.com\\\/sv\\\/#website\"},\"datePublished\":\"2024-03-29T10:13:32+00:00\",\"dateModified\":\"2026-01-14T14:13:42+00:00\",\"breadcrumb\":{\"@id\":\"https:\\\/\\\/traktforesthotel.com\\\/sv\\\/om-konferens\\\/konferenspaket\\\/dagkonferens\\\/#breadcrumb\"},\"inLanguage\":\"sv-SE\",\"potentialAction\":[{\"@type\":\"ReadAction\",\"target\":[\"https:\\\/\\\/traktforesthotel.com\\\/sv\\\/om-konferens\\\/konferenspaket\\\/dagkonferens\\\/\"]}]},{\"@type\":\"BreadcrumbList\",\"@id\":\"https:\\\/\\\/traktforesthotel.com\\\/sv\\\/om-konferens\\\/konferenspaket\\\/dagkonferens\\\/#breadcrumb\",\"itemListElement\":[{\"@type\":\"ListItem\",\"position\":1,\"name\":\"Hem\",\"item\":\"https:\\\/\\\/traktforesthotel.com\\\/sv\\\/\"},{\"@type\":\"ListItem\",\"position\":2,\"name\":\"Om Konferens\",\"item\":\"https:\\\/\\\/traktforesthotel.com\\\/sv\\\/om-konferens\\\/\"},{\"@type\":\"ListItem\",\"position\":3,\"name\":\"Konferenspaket\",\"item\":\"https:\\\/\\\/traktforesthotel.com\\\/sv\\\/om-konferens\\\/konferenspaket\\\/\"},{\"@type\":\"ListItem\",\"position\":4,\"name\":\"Dagkonferens\"}]},{\"@type\":\"WebSite\",\"@id\":\"https:\\\/\\\/traktforesthotel.com\\\/sv\\\/#website\",\"url\":\"https:\\\/\\\/traktforesthotel.com\\\/sv\\\/\",\"name\":\"Trakt Forest Hotel\",\"description\":\"\",\"publisher\":{\"@id\":\"https:\\\/\\\/traktforesthotel.com\\\/sv\\\/#organization\"},\"potentialAction\":[{\"@type\":\"SearchAction\",\"target\":{\"@type\":\"EntryPoint\",\"urlTemplate\":\"https:\\\/\\\/traktforesthotel.com\\\/sv\\\/?s={search_term_string}\"},\"query-input\":{\"@type\":\"PropertyValueSpecification\",\"valueRequired\":true,\"valueName\":\"search_term_string\"}}],\"inLanguage\":\"sv-SE\"},{\"@type\":\"Organization\",\"@id\":\"https:\\\/\\\/traktforesthotel.com\\\/sv\\\/#organization\",\"name\":\"Trakt Forest Hotel\",\"url\":\"https:\\\/\\\/traktforesthotel.com\\\/sv\\\/\",\"logo\":{\"@type\":\"ImageObject\",\"inLanguage\":\"sv-SE\",\"@id\":\"https:\\\/\\\/traktforesthotel.com\\\/sv\\\/#\\\/schema\\\/logo\\\/image\\\/\",\"url\":\"https:\\\/\\\/traktforesthotel.com\\\/wp-content\\\/uploads\\\/2022\\\/10\\\/TRA-symbol.svg\",\"contentUrl\":\"https:\\\/\\\/traktforesthotel.com\\\/wp-content\\\/uploads\\\/2022\\\/10\\\/TRA-symbol.svg\",\"width\":1024,\"height\":1024,\"caption\":\"Trakt Forest Hotel\"},\"image\":{\"@id\":\"https:\\\/\\\/traktforesthotel.com\\\/sv\\\/#\\\/schema\\\/logo\\\/image\\\/\"}}]}<\/script>\n<!-- \/ Yoast SEO plugin. -->","yoast_head_json":{"title":"Dagkonferens - Trakt Forest Hotel","robots":{"index":"index","follow":"follow","max-snippet":"max-snippet:-1","max-image-preview":"max-image-preview:large","max-video-preview":"max-video-preview:-1"},"canonical":"https:\/\/traktforesthotel.com\/sv\/om-konferens\/konferenspaket\/dagkonferens\/","og_locale":"sv_SE","og_type":"article","og_title":"Dagkonferens - Trakt Forest Hotel","og_url":"https:\/\/traktforesthotel.com\/sv\/om-konferens\/konferenspaket\/dagkonferens\/","og_site_name":"Trakt Forest Hotel","article_modified_time":"2026-01-14T14:13:42+00:00","twitter_card":"summary_large_image","twitter_misc":{"Ber\u00e4knad l\u00e4stid":"2 minuter"},"schema":{"@context":"https:\/\/schema.org","@graph":[{"@type":"WebPage","@id":"https:\/\/traktforesthotel.com\/sv\/om-konferens\/konferenspaket\/dagkonferens\/","url":"https:\/\/traktforesthotel.com\/sv\/om-konferens\/konferenspaket\/dagkonferens\/","name":"Dagkonferens - Trakt Forest Hotel","isPartOf":{"@id":"https:\/\/traktforesthotel.com\/sv\/#website"},"datePublished":"2024-03-29T10:13:32+00:00","dateModified":"2026-01-14T14:13:42+00:00","breadcrumb":{"@id":"https:\/\/traktforesthotel.com\/sv\/om-konferens\/konferenspaket\/dagkonferens\/#breadcrumb"},"inLanguage":"sv-SE","potentialAction":[{"@type":"ReadAction","target":["https:\/\/traktforesthotel.com\/sv\/om-konferens\/konferenspaket\/dagkonferens\/"]}]},{"@type":"BreadcrumbList","@id":"https:\/\/traktforesthotel.com\/sv\/om-konferens\/konferenspaket\/dagkonferens\/#breadcrumb","itemListElement":[{"@type":"ListItem","position":1,"name":"Hem","item":"https:\/\/traktforesthotel.com\/sv\/"},{"@type":"ListItem","position":2,"name":"Om Konferens","item":"https:\/\/traktforesthotel.com\/sv\/om-konferens\/"},{"@type":"ListItem","position":3,"name":"Konferenspaket","item":"https:\/\/traktforesthotel.com\/sv\/om-konferens\/konferenspaket\/"},{"@type":"ListItem","position":4,"name":"Dagkonferens"}]},{"@type":"WebSite","@id":"https:\/\/traktforesthotel.com\/sv\/#website","url":"https:\/\/traktforesthotel.com\/sv\/","name":"Trakt Forest Hotel","description":"","publisher":{"@id":"https:\/\/traktforesthotel.com\/sv\/#organization"},"potentialAction":[{"@type":"SearchAction","target":{"@type":"EntryPoint","urlTemplate":"https:\/\/traktforesthotel.com\/sv\/?s={search_term_string}"},"query-input":{"@type":"PropertyValueSpecification","valueRequired":true,"valueName":"search_term_string"}}],"inLanguage":"sv-SE"},{"@type":"Organization","@id":"https:\/\/traktforesthotel.com\/sv\/#organization","name":"Trakt Forest Hotel","url":"https:\/\/traktforesthotel.com\/sv\/","logo":{"@type":"ImageObject","inLanguage":"sv-SE","@id":"https:\/\/traktforesthotel.com\/sv\/#\/schema\/logo\/image\/","url":"https:\/\/traktforesthotel.com\/wp-content\/uploads\/2022\/10\/TRA-symbol.svg","contentUrl":"https:\/\/traktforesthotel.com\/wp-content\/uploads\/2022\/10\/TRA-symbol.svg","width":1024,"height":1024,"caption":"Trakt Forest Hotel"},"image":{"@id":"https:\/\/traktforesthotel.com\/sv\/#\/schema\/logo\/image\/"}}]}},"_links":{"self":[{"href":"https:\/\/traktforesthotel.com\/sv\/wp-json\/wp\/v2\/pages\/5020","targetHints":{"allow":["GET"]}}],"collection":[{"href":"https:\/\/traktforesthotel.com\/sv\/wp-json\/wp\/v2\/pages"}],"about":[{"href":"https:\/\/traktforesthotel.com\/sv\/wp-json\/wp\/v2\/types\/page"}],"author":[{"embeddable":true,"href":"https:\/\/traktforesthotel.com\/sv\/wp-json\/wp\/v2\/users\/2"}],"replies":[{"embeddable":true,"href":"https:\/\/traktforesthotel.com\/sv\/wp-json\/wp\/v2\/comments?post=5020"}],"version-history":[{"count":79,"href":"https:\/\/traktforesthotel.com\/sv\/wp-json\/wp\/v2\/pages\/5020\/revisions"}],"predecessor-version":[{"id":11331,"href":"https:\/\/traktforesthotel.com\/sv\/wp-json\/wp\/v2\/pages\/5020\/revisions\/11331"}],"up":[{"embeddable":true,"href":"https:\/\/traktforesthotel.com\/sv\/wp-json\/wp\/v2\/pages\/4804"}],"wp:attachment":[{"href":"https:\/\/traktforesthotel.com\/sv\/wp-json\/wp\/v2\/media?parent=5020"}],"curies":[{"name":"wp","href":"https:\/\/api.w.org\/{rel}","templated":true}]}}