{"id":7113,"date":"2024-05-17T11:12:17","date_gmt":"2024-05-17T11:12:17","guid":{"rendered":"https:\/\/traktforesthotel.com\/aktiviteter\/tranquil-kayaking\/"},"modified":"2026-01-13T14:48:26","modified_gmt":"2026-01-13T14:48:26","slug":"tranquil-kayaking","status":"publish","type":"page","link":"https:\/\/traktforesthotel.com\/sv\/om-skogshotell\/aktiviteter\/tranquil-kayaking\/","title":{"rendered":"Fridfull kajaktur"},"content":{"rendered":"","protected":false},"excerpt":{"rendered":"Upplev hur stilla och tyst du kan glida l\u00e4ngs vattnet i en av v\u00e5ra havskajaker. H\u00f6r de sm\u00e5 v\u00e5gorna du g\u00f6r och dropparna fr\u00e5n paddeln&hellip;","protected":false},"author":4,"featured_media":9391,"parent":199,"menu_order":0,"comment_status":"closed","ping_status":"closed","template":"","meta":{"_acf_changed":false,"footnotes":""},"class_list":["post-7113","page","type-page","status-publish","has-post-thumbnail","hentry"],"acf":[],"yoast_head":"<!-- This site is optimized with the Yoast SEO plugin v27.3 - https:\/\/yoast.com\/product\/yoast-seo-wordpress\/ -->\n<title>Fridfull kajaktur - Trakt Forest Hotel<\/title>\n<meta name=\"robots\" content=\"index, follow, max-snippet:-1, max-image-preview:large, max-video-preview:-1\" \/>\n<link rel=\"canonical\" href=\"https:\/\/traktforesthotel.com\/sv\/om-skogshotell\/aktiviteter\/tranquil-kayaking\/\" \/>\n<meta property=\"og:locale\" content=\"sv_SE\" \/>\n<meta property=\"og:type\" content=\"article\" \/>\n<meta property=\"og:title\" content=\"Fridfull kajaktur - Trakt Forest Hotel\" \/>\n<meta property=\"og:url\" content=\"https:\/\/traktforesthotel.com\/sv\/om-skogshotell\/aktiviteter\/tranquil-kayaking\/\" \/>\n<meta property=\"og:site_name\" content=\"Trakt Forest Hotel\" \/>\n<meta property=\"article:modified_time\" content=\"2026-01-13T14:48:26+00:00\" \/>\n<meta property=\"og:image\" content=\"https:\/\/traktforesthotel.com\/wp-content\/uploads\/2024\/11\/trakt-aktivitet-paddla-kajak-sjon-vrangen-scaled.jpg\" \/>\n\t<meta property=\"og:image:width\" content=\"2000\" \/>\n\t<meta property=\"og:image:height\" content=\"1334\" \/>\n\t<meta property=\"og:image:type\" content=\"image\/jpeg\" \/>\n<meta name=\"twitter:card\" content=\"summary_large_image\" \/>\n<meta name=\"twitter:label1\" content=\"Ber\u00e4knad l\u00e4stid\" \/>\n\t<meta name=\"twitter:data1\" content=\"2 minuter\" \/>\n<script type=\"application\/ld+json\" class=\"yoast-schema-graph\">{\"@context\":\"https:\\\/\\\/schema.org\",\"@graph\":[{\"@type\":\"WebPage\",\"@id\":\"https:\\\/\\\/traktforesthotel.com\\\/sv\\\/om-skogshotell\\\/aktiviteter\\\/tranquil-kayaking\\\/\",\"url\":\"https:\\\/\\\/traktforesthotel.com\\\/sv\\\/om-skogshotell\\\/aktiviteter\\\/tranquil-kayaking\\\/\",\"name\":\"Fridfull kajaktur - Trakt Forest Hotel\",\"isPartOf\":{\"@id\":\"https:\\\/\\\/traktforesthotel.com\\\/sv\\\/#website\"},\"primaryImageOfPage\":{\"@id\":\"https:\\\/\\\/traktforesthotel.com\\\/sv\\\/om-skogshotell\\\/aktiviteter\\\/tranquil-kayaking\\\/#primaryimage\"},\"image\":{\"@id\":\"https:\\\/\\\/traktforesthotel.com\\\/sv\\\/om-skogshotell\\\/aktiviteter\\\/tranquil-kayaking\\\/#primaryimage\"},\"thumbnailUrl\":\"https:\\\/\\\/traktforesthotel.com\\\/wp-content\\\/uploads\\\/2024\\\/11\\\/trakt-aktivitet-paddla-kajak-sjon-vrangen-scaled.jpg\",\"datePublished\":\"2024-05-17T11:12:17+00:00\",\"dateModified\":\"2026-01-13T14:48:26+00:00\",\"breadcrumb\":{\"@id\":\"https:\\\/\\\/traktforesthotel.com\\\/sv\\\/om-skogshotell\\\/aktiviteter\\\/tranquil-kayaking\\\/#breadcrumb\"},\"inLanguage\":\"sv-SE\",\"potentialAction\":[{\"@type\":\"ReadAction\",\"target\":[\"https:\\\/\\\/traktforesthotel.com\\\/sv\\\/om-skogshotell\\\/aktiviteter\\\/tranquil-kayaking\\\/\"]}]},{\"@type\":\"ImageObject\",\"inLanguage\":\"sv-SE\",\"@id\":\"https:\\\/\\\/traktforesthotel.com\\\/sv\\\/om-skogshotell\\\/aktiviteter\\\/tranquil-kayaking\\\/#primaryimage\",\"url\":\"https:\\\/\\\/traktforesthotel.com\\\/wp-content\\\/uploads\\\/2024\\\/11\\\/trakt-aktivitet-paddla-kajak-sjon-vrangen-scaled.jpg\",\"contentUrl\":\"https:\\\/\\\/traktforesthotel.com\\\/wp-content\\\/uploads\\\/2024\\\/11\\\/trakt-aktivitet-paddla-kajak-sjon-vrangen-scaled.jpg\",\"width\":2000,\"height\":1334,\"caption\":\"Tv\u00e5 personer paddlar kajak p\u00e5 sj\u00f6n Vr\u00e5ngen.\"},{\"@type\":\"BreadcrumbList\",\"@id\":\"https:\\\/\\\/traktforesthotel.com\\\/sv\\\/om-skogshotell\\\/aktiviteter\\\/tranquil-kayaking\\\/#breadcrumb\",\"itemListElement\":[{\"@type\":\"ListItem\",\"position\":1,\"name\":\"Hem\",\"item\":\"https:\\\/\\\/traktforesthotel.com\\\/sv\\\/\"},{\"@type\":\"ListItem\",\"position\":2,\"name\":\"Om Skogshotell\",\"item\":\"https:\\\/\\\/traktforesthotel.com\\\/sv\\\/om-skogshotell\\\/\"},{\"@type\":\"ListItem\",\"position\":3,\"name\":\"Aktiviteter\",\"item\":\"https:\\\/\\\/traktforesthotel.com\\\/sv\\\/om-skogshotell\\\/aktiviteter\\\/\"},{\"@type\":\"ListItem\",\"position\":4,\"name\":\"Fridfull kajaktur\"}]},{\"@type\":\"WebSite\",\"@id\":\"https:\\\/\\\/traktforesthotel.com\\\/sv\\\/#website\",\"url\":\"https:\\\/\\\/traktforesthotel.com\\\/sv\\\/\",\"name\":\"Trakt Forest Hotel\",\"description\":\"\",\"publisher\":{\"@id\":\"https:\\\/\\\/traktforesthotel.com\\\/sv\\\/#organization\"},\"potentialAction\":[{\"@type\":\"SearchAction\",\"target\":{\"@type\":\"EntryPoint\",\"urlTemplate\":\"https:\\\/\\\/traktforesthotel.com\\\/sv\\\/?s={search_term_string}\"},\"query-input\":{\"@type\":\"PropertyValueSpecification\",\"valueRequired\":true,\"valueName\":\"search_term_string\"}}],\"inLanguage\":\"sv-SE\"},{\"@type\":\"Organization\",\"@id\":\"https:\\\/\\\/traktforesthotel.com\\\/sv\\\/#organization\",\"name\":\"Trakt Forest Hotel\",\"url\":\"https:\\\/\\\/traktforesthotel.com\\\/sv\\\/\",\"logo\":{\"@type\":\"ImageObject\",\"inLanguage\":\"sv-SE\",\"@id\":\"https:\\\/\\\/traktforesthotel.com\\\/sv\\\/#\\\/schema\\\/logo\\\/image\\\/\",\"url\":\"https:\\\/\\\/traktforesthotel.com\\\/wp-content\\\/uploads\\\/2022\\\/10\\\/TRA-symbol.svg\",\"contentUrl\":\"https:\\\/\\\/traktforesthotel.com\\\/wp-content\\\/uploads\\\/2022\\\/10\\\/TRA-symbol.svg\",\"width\":1024,\"height\":1024,\"caption\":\"Trakt Forest Hotel\"},\"image\":{\"@id\":\"https:\\\/\\\/traktforesthotel.com\\\/sv\\\/#\\\/schema\\\/logo\\\/image\\\/\"}}]}<\/script>\n<!-- \/ Yoast SEO plugin. -->","yoast_head_json":{"title":"Fridfull kajaktur - Trakt Forest Hotel","robots":{"index":"index","follow":"follow","max-snippet":"max-snippet:-1","max-image-preview":"max-image-preview:large","max-video-preview":"max-video-preview:-1"},"canonical":"https:\/\/traktforesthotel.com\/sv\/om-skogshotell\/aktiviteter\/tranquil-kayaking\/","og_locale":"sv_SE","og_type":"article","og_title":"Fridfull kajaktur - Trakt Forest Hotel","og_url":"https:\/\/traktforesthotel.com\/sv\/om-skogshotell\/aktiviteter\/tranquil-kayaking\/","og_site_name":"Trakt Forest Hotel","article_modified_time":"2026-01-13T14:48:26+00:00","og_image":[{"width":2000,"height":1334,"url":"https:\/\/traktforesthotel.com\/wp-content\/uploads\/2024\/11\/trakt-aktivitet-paddla-kajak-sjon-vrangen-scaled.jpg","type":"image\/jpeg"}],"twitter_card":"summary_large_image","twitter_misc":{"Ber\u00e4knad l\u00e4stid":"2 minuter"},"schema":{"@context":"https:\/\/schema.org","@graph":[{"@type":"WebPage","@id":"https:\/\/traktforesthotel.com\/sv\/om-skogshotell\/aktiviteter\/tranquil-kayaking\/","url":"https:\/\/traktforesthotel.com\/sv\/om-skogshotell\/aktiviteter\/tranquil-kayaking\/","name":"Fridfull kajaktur - Trakt Forest Hotel","isPartOf":{"@id":"https:\/\/traktforesthotel.com\/sv\/#website"},"primaryImageOfPage":{"@id":"https:\/\/traktforesthotel.com\/sv\/om-skogshotell\/aktiviteter\/tranquil-kayaking\/#primaryimage"},"image":{"@id":"https:\/\/traktforesthotel.com\/sv\/om-skogshotell\/aktiviteter\/tranquil-kayaking\/#primaryimage"},"thumbnailUrl":"https:\/\/traktforesthotel.com\/wp-content\/uploads\/2024\/11\/trakt-aktivitet-paddla-kajak-sjon-vrangen-scaled.jpg","datePublished":"2024-05-17T11:12:17+00:00","dateModified":"2026-01-13T14:48:26+00:00","breadcrumb":{"@id":"https:\/\/traktforesthotel.com\/sv\/om-skogshotell\/aktiviteter\/tranquil-kayaking\/#breadcrumb"},"inLanguage":"sv-SE","potentialAction":[{"@type":"ReadAction","target":["https:\/\/traktforesthotel.com\/sv\/om-skogshotell\/aktiviteter\/tranquil-kayaking\/"]}]},{"@type":"ImageObject","inLanguage":"sv-SE","@id":"https:\/\/traktforesthotel.com\/sv\/om-skogshotell\/aktiviteter\/tranquil-kayaking\/#primaryimage","url":"https:\/\/traktforesthotel.com\/wp-content\/uploads\/2024\/11\/trakt-aktivitet-paddla-kajak-sjon-vrangen-scaled.jpg","contentUrl":"https:\/\/traktforesthotel.com\/wp-content\/uploads\/2024\/11\/trakt-aktivitet-paddla-kajak-sjon-vrangen-scaled.jpg","width":2000,"height":1334,"caption":"Tv\u00e5 personer paddlar kajak p\u00e5 sj\u00f6n Vr\u00e5ngen."},{"@type":"BreadcrumbList","@id":"https:\/\/traktforesthotel.com\/sv\/om-skogshotell\/aktiviteter\/tranquil-kayaking\/#breadcrumb","itemListElement":[{"@type":"ListItem","position":1,"name":"Hem","item":"https:\/\/traktforesthotel.com\/sv\/"},{"@type":"ListItem","position":2,"name":"Om Skogshotell","item":"https:\/\/traktforesthotel.com\/sv\/om-skogshotell\/"},{"@type":"ListItem","position":3,"name":"Aktiviteter","item":"https:\/\/traktforesthotel.com\/sv\/om-skogshotell\/aktiviteter\/"},{"@type":"ListItem","position":4,"name":"Fridfull kajaktur"}]},{"@type":"WebSite","@id":"https:\/\/traktforesthotel.com\/sv\/#website","url":"https:\/\/traktforesthotel.com\/sv\/","name":"Trakt Forest Hotel","description":"","publisher":{"@id":"https:\/\/traktforesthotel.com\/sv\/#organization"},"potentialAction":[{"@type":"SearchAction","target":{"@type":"EntryPoint","urlTemplate":"https:\/\/traktforesthotel.com\/sv\/?s={search_term_string}"},"query-input":{"@type":"PropertyValueSpecification","valueRequired":true,"valueName":"search_term_string"}}],"inLanguage":"sv-SE"},{"@type":"Organization","@id":"https:\/\/traktforesthotel.com\/sv\/#organization","name":"Trakt Forest Hotel","url":"https:\/\/traktforesthotel.com\/sv\/","logo":{"@type":"ImageObject","inLanguage":"sv-SE","@id":"https:\/\/traktforesthotel.com\/sv\/#\/schema\/logo\/image\/","url":"https:\/\/traktforesthotel.com\/wp-content\/uploads\/2022\/10\/TRA-symbol.svg","contentUrl":"https:\/\/traktforesthotel.com\/wp-content\/uploads\/2022\/10\/TRA-symbol.svg","width":1024,"height":1024,"caption":"Trakt Forest Hotel"},"image":{"@id":"https:\/\/traktforesthotel.com\/sv\/#\/schema\/logo\/image\/"}}]}},"_links":{"self":[{"href":"https:\/\/traktforesthotel.com\/sv\/wp-json\/wp\/v2\/pages\/7113","targetHints":{"allow":["GET"]}}],"collection":[{"href":"https:\/\/traktforesthotel.com\/sv\/wp-json\/wp\/v2\/pages"}],"about":[{"href":"https:\/\/traktforesthotel.com\/sv\/wp-json\/wp\/v2\/types\/page"}],"author":[{"embeddable":true,"href":"https:\/\/traktforesthotel.com\/sv\/wp-json\/wp\/v2\/users\/4"}],"replies":[{"embeddable":true,"href":"https:\/\/traktforesthotel.com\/sv\/wp-json\/wp\/v2\/comments?post=7113"}],"version-history":[{"count":12,"href":"https:\/\/traktforesthotel.com\/sv\/wp-json\/wp\/v2\/pages\/7113\/revisions"}],"predecessor-version":[{"id":11240,"href":"https:\/\/traktforesthotel.com\/sv\/wp-json\/wp\/v2\/pages\/7113\/revisions\/11240"}],"up":[{"embeddable":true,"href":"https:\/\/traktforesthotel.com\/sv\/wp-json\/wp\/v2\/pages\/199"}],"wp:featuredmedia":[{"embeddable":true,"href":"https:\/\/traktforesthotel.com\/sv\/wp-json\/wp\/v2\/media\/9391"}],"wp:attachment":[{"href":"https:\/\/traktforesthotel.com\/sv\/wp-json\/wp\/v2\/media?parent=7113"}],"curies":[{"name":"wp","href":"https:\/\/api.w.org\/{rel}","templated":true}]}}